{"id":24,"date":"2021-07-18T22:54:30","date_gmt":"2021-07-18T20:54:30","guid":{"rendered":"https:\/\/rolandhoesch.de\/pctk\/?page_id=24"},"modified":"2021-07-18T23:11:55","modified_gmt":"2021-07-18T21:11:55","slug":"produkte-und-dienstleistungen","status":"publish","type":"page","link":"https:\/\/rolandhoesch.de\/pctk\/produkte-und-dienstleistungen\/","title":{"rendered":"Produkte und Dienstleistungen"},"content":{"rendered":"\n<p>Zu den folgenden Themen d\u00fcrfen Sie von uns kompetente Beratung erwarten:<\/p>\n\n\n\n<ul class=\"wp-block-list\"><li>Computer Hardware<\/li><li>Computer Software<\/li><li>Computer Zubeh\u00f6r<\/li><li>Telekommunikation<\/li><\/ul>\n\n\n\n<p>Mit Hilfe unserer Gro\u00dfh\u00e4ndler und Vertriebspartner beschaffen wir gerne f\u00fcr Sie:<\/p>\n\n\n\n<ul class=\"wp-block-list\"><li>PC<\/li><li>Notebook<\/li><li>Drucker<\/li><li>Betriebssystem, LINUX oder WINDOWS<\/li><li>Office Pakete von Microsoft und LibreOffice<\/li><li>Verbrauchsmaterial, z.B. Toner und Tinte<\/li><li>Telefonanlagen, z.B. von AGFEO<\/li><li>Telefone, z.B. von GIGASET<\/li><\/ul>\n\n\n\n<p>Gerne beschaffen wir f\u00fcr Sie Ersatzteile:<\/p>\n\n\n\n<ul class=\"wp-block-list\"><li>Ersatzakku f\u00fcr Notebooks<\/li><li>Ersatzakku f\u00fcrs Handy<\/li><\/ul>\n\n\n\n<p><em><strong>Gerne unterst\u00fctzen wir Sie auch bei der Wiederherstellung verlorener Daten oder der Konfiguration Ihres Systems.<\/strong><\/em><\/p>\n","protected":false},"excerpt":{"rendered":"<p>Zu den folgenden Themen d\u00fcrfen Sie von uns kompetente Beratung erwarten: Computer Hardware Computer Software Computer Zubeh\u00f6r Telekommunikation Mit Hilfe unserer Gro\u00dfh\u00e4ndler und Vertriebspartner beschaffen wir gerne f\u00fcr Sie: PC Notebook Drucker Betriebssystem, LINUX oder WINDOWS Office Pakete von Microsoft und LibreOffice Verbrauchsmaterial, z.B. Toner und Tinte Telefonanlagen, z.B. von AGFEO Telefone, z.B. von GIGASET [&hellip;]<\/p>\n","protected":false},"author":1,"featured_media":0,"parent":0,"menu_order":0,"comment_status":"closed","ping_status":"closed","template":"","meta":{"gt_page_layout":"","gt_hide_page_title":false,"gt_remove_bottom_margin":false,"footnotes":""},"class_list":["post-24","page","type-page","status-publish","hentry"],"_links":{"self":[{"href":"https:\/\/rolandhoesch.de\/pctk\/wp-json\/wp\/v2\/pages\/24","targetHints":{"allow":["GET"]}}],"collection":[{"href":"https:\/\/rolandhoesch.de\/pctk\/wp-json\/wp\/v2\/pages"}],"about":[{"href":"https:\/\/rolandhoesch.de\/pctk\/wp-json\/wp\/v2\/types\/page"}],"author":[{"embeddable":true,"href":"https:\/\/rolandhoesch.de\/pctk\/wp-json\/wp\/v2\/users\/1"}],"replies":[{"embeddable":true,"href":"https:\/\/rolandhoesch.de\/pctk\/wp-json\/wp\/v2\/comments?post=24"}],"version-history":[{"count":3,"href":"https:\/\/rolandhoesch.de\/pctk\/wp-json\/wp\/v2\/pages\/24\/revisions"}],"predecessor-version":[{"id":44,"href":"https:\/\/rolandhoesch.de\/pctk\/wp-json\/wp\/v2\/pages\/24\/revisions\/44"}],"wp:attachment":[{"href":"https:\/\/rolandhoesch.de\/pctk\/wp-json\/wp\/v2\/media?parent=24"}],"curies":[{"name":"wp","href":"https:\/\/api.w.org\/{rel}","templated":true}]}}